{"id":582,"date":"2024-04-01T16:25:17","date_gmt":"2024-04-01T14:25:17","guid":{"rendered":"https:\/\/www.computer-technik-krause.de\/?page_id=582"},"modified":"2024-04-01T16:26:40","modified_gmt":"2024-04-01T14:26:40","slug":"impressum","status":"publish","type":"page","link":"https:\/\/www.computer-technik-krause.de\/index.php\/impressum\/","title":{"rendered":"Impressum"},"content":{"rendered":"<div data-colibri-id=\"582-c1\" class=\"style-840 style-local-582-c1 position-relative\">\n  <!---->\n  <div data-colibri-component=\"section\" data-colibri-id=\"582-c2\" id=\"custom\" class=\"h-section h-section-global-spacing d-flex align-items-lg-center align-items-md-center align-items-center style-841 style-local-582-c2 position-relative\">\n    <!---->\n    <!---->\n    <div class=\"h-section-grid-container h-section-boxed-container\">\n      <!---->\n      <div data-colibri-id=\"582-c5\" class=\"h-row-container gutters-row-lg-2 gutters-row-md-2 gutters-row-0 gutters-row-v-lg-2 gutters-row-v-md-2 gutters-row-v-2 style-844 style-local-582-c5 position-relative\">\n        <!---->\n        <div class=\"h-row justify-content-lg-center justify-content-md-center justify-content-center align-items-lg-stretch align-items-md-stretch align-items-stretch gutters-col-lg-2 gutters-col-md-2 gutters-col-0 gutters-col-v-lg-2 gutters-col-v-md-2 gutters-col-v-2\">\n          <!---->\n          <div class=\"h-column h-column-container d-flex h-col-lg-auto h-col-md-auto h-col-auto style-845-outer style-local-582-c6-outer\">\n            <div data-colibri-id=\"582-c6\" class=\"d-flex h-flex-basis h-column__inner h-px-lg-2 h-px-md-2 h-px-2 v-inner-lg-2 v-inner-md-2 v-inner-2 style-845 style-local-582-c6 position-relative\">\n              <!---->\n              <!---->\n              <div class=\"w-100 h-y-container h-column__content h-column__v-align flex-basis-100 align-self-lg-start align-self-md-start align-self-start\">\n                <!---->\n                <div data-colibri-id=\"582-c7\" class=\"h-text h-text-component style-846 style-local-582-c7 position-relative h-element\">\n                  <!---->\n                  <!---->\n                  <div class=\"\">\n                    <p><strong style=\"font-size: 24.16px; font-family: &quot;Playfair Display&quot;; font-weight: 700;\"><span>Computer Technik Krause GmbH<\/span><\/strong><\/p>\n                    <p><span>Hauptstra\u00dfe 14a<\/span><\/p>\n                    <p><span style=\"font-family: &quot;Playfair Display&quot;;\">86697 Oberhausen<\/span><\/p>\n                    <p><span><br><\/span><\/p>\n                    <p><strong style=\"font-weight: 400; font-family: &quot;Playfair Display&quot;; font-size: 26.24px;\"><span>Kontakt:<\/span><\/strong><\/p>\n                    <p><span style=\"font-family: &quot;Playfair Display&quot;;\">Telefon: 08431 4369954<\/span><\/p>\n                    <p><span style=\"font-family: &quot;Playfair Display&quot;;\">E-Mail: info@computer-technik-krause.de<\/span><\/p>\n                    <p><span style=\"font-family: &quot;Playfair Display&quot;;\">Datenschutz: datenschutz@computer-technik-krause.de<\/span><\/p>\n                    <p><span><br><\/span><\/p>\n                    <p><span style=\"font-size: 24.16px; font-weight: 400;\">Gesch\u00e4ftsf\u00fchrer:<\/span><\/p>\n                    <p><span>Alexander Krause<\/span><\/p>\n                    <p><span>Handelsregister<\/span><\/p>\n                    <p><span>Registergericht Ingolstadt<\/span><\/p>\n                    <p><span>HRB 11568<\/span><\/p>\n                    <p>\n                      <br>\n                    <\/p>\n                    <p><strong style=\"font-size: 25.92px; font-family: &quot;Playfair Display&quot;; font-weight: 400;\">Haftung f\u00fcr Inhalte<\/strong><\/p>\n                    <p><span style=\"font-family: &quot;Playfair Display&quot;;\">Als Diensteanbieter sind wir gem\u00e4\u00df \u00a7 7 Abs.1 TMG f\u00fcr eigene Inhalte auf diesen Seiten nach den allgemeinen Gesetzen verantwortlich. Nach \u00a7\u00a7 8 bis 10 TMG sind wir als Diensteanbieter jedoch nicht verpflichtet, \u00fcbermittelte oder gespeicherte fremde Informationen zu \u00fcberwachen oder nach Umst\u00e4nden zu forschen, die auf eine rechtswidrige T\u00e4tigkeit hinweisen. Verpflichtungen zur Entfernung oder Sperrung der Nutzung von Informationen nach den allgemeinen Gesetzen bleiben hiervon unber\u00fchrt. Eine diesbez\u00fcgliche Haftung ist jedoch erst ab dem Zeitpunkt der Kenntnis einer konkreten Rechtsverletzung m\u00f6glich. Bei Bekanntwerden von entsprechenden Rechtsverletzungen werden wir diese Inhalte umgehend entfernen.<\/span><\/p>\n                    <p><strong style=\"font-weight: 400; font-family: &quot;Playfair Display&quot;; font-size: 25.92px;\">Haftung f\u00fcr Links<\/strong><\/p>\n                    <p>Unser Angebot enth\u00e4lt Links zu externen Webseiten Dritter, auf deren Inhalte wir keinen Einfluss haben. Deshalb k\u00f6nnen wir f\u00fcr diese fremden Inhalte auch keine Gew\u00e4hr \u00fcbernehmen. F\u00fcr die Inhalte der verlinkten Seiten ist stets der\n                      jeweilige Anbieter oder Betreiber der Seiten verantwortlich. Die verlinkten Seiten wurden zum Zeitpunkt der Verlinkung auf m\u00f6gliche Rechtsverst\u00f6\u00dfe \u00fcberpr\u00fcft. Rechtswidrige Inhalte waren zum Zeitpunkt der Verlinkung nicht erkennbar.\n                      Eine permanente inhaltliche Kontrolle der verlinkten Seiten ist jedoch ohne konkrete Anhaltspunkte einer Rechtsverletzung nicht zumutbar. Bei Bekanntwerden von Rechtsverletzungen werden wir derartige Links umgehend entfernen.<\/p>\n                    <p><strong style=\"font-size: 26.56px; font-family: &quot;Playfair Display&quot;; font-weight: 400;\">Urheberrecht<\/strong><\/p>\n                    <p>Die durch die Seitenbetreiber erstellten Inhalte und Werke auf diesen Seiten unterliegen dem deutschen Urheberrecht. Die Vervielf\u00e4ltigung, Bearbeitung, Verbreitung und jede Art der Verwertung au\u00dferhalb der Grenzen des Urheberrechtes\n                      bed\u00fcrfen der schriftlichen Zustimmung des jeweiligen Autors bzw. Erstellers. Downloads und Kopien dieser Seite sind nur f\u00fcr den privaten, nicht kommerziellen Gebrauch gestattet. Soweit die Inhalte auf dieser Seite nicht vom Betreiber\n                      erstellt wurden, werden die Urheberrechte Dritter beachtet. Insbesondere werden Inhalte Dritter als solche gekennzeichnet. Sollten Sie trotzdem auf eine Urheberrechtsverletzung aufmerksam werden, bitten wir um einen entsprechenden\n                      Hinweis. Bei Bekanntwerden von Rechtsverletzungen werden wir derartige Inhalte umgehend entfernen.<\/p>\n                    <p>\n                      <br>\n                    <\/p>\n                    <p>\n                      <br>\n                    <\/p>\n                  <\/div>\n                <\/div>\n              <\/div>\n            <\/div>\n          <\/div>\n        <\/div>\n      <\/div>\n      <div data-colibri-id=\"582-c3\" class=\"h-row-container gutters-row-lg-2 gutters-row-md-2 gutters-row-0 gutters-row-v-lg-2 gutters-row-v-md-2 gutters-row-v-2 style-842 style-local-582-c3 position-relative\">\n        <!---->\n        <div class=\"h-row justify-content-lg-center justify-content-md-center justify-content-center align-items-lg-stretch align-items-md-stretch align-items-stretch gutters-col-lg-2 gutters-col-md-2 gutters-col-0 gutters-col-v-lg-2 gutters-col-v-md-2 gutters-col-v-2\">\n          <!---->\n          <div class=\"h-column h-column-container d-flex h-col-lg-auto h-col-md-auto h-col-auto style-843-outer style-local-582-c4-outer\">\n            <div data-colibri-id=\"582-c4\" class=\"d-flex h-flex-basis h-column__inner h-ui-empty-state-container h-px-lg-2 h-px-md-2 h-px-2 v-inner-lg-2 v-inner-md-2 v-inner-2 style-843 style-local-582-c4 position-relative\">\n              <!---->\n              <!---->\n              <div class=\"w-100 h-y-container h-column__content h-column__v-align flex-basis-100\">\n                <!---->\n              <\/div>\n            <\/div>\n          <\/div>\n        <\/div>\n      <\/div>\n    <\/div>\n  <\/div>\n<\/div>","protected":false},"excerpt":{"rendered":"<p>Computer Technik Krause GmbH Hauptstra\u00dfe 14a 86697 Oberhausen Kontakt: Telefon: 08431 4369954 E-Mail: info@computer-technik-krause.de Datenschutz: datenschutz@computer-technik-krause.de Gesch\u00e4ftsf\u00fchrer: Alexander Krause Handelsregister Registergericht Ingolstadt HRB 11568 Haftung f\u00fcr Inhalte Als Diensteanbieter sind wir gem\u00e4\u00df \u00a7 7 Abs.1 TMG f\u00fcr eigene Inhalte auf diesen Seiten nach den allgemeinen Gesetzen verantwortlich. Nach \u00a7\u00a7 8 bis 10 TMG sind wir [&hellip;]<\/p>\n","protected":false},"author":1,"featured_media":0,"parent":0,"menu_order":0,"comment_status":"closed","ping_status":"closed","template":"page-templates\/full-width-page.php","meta":{"footnotes":""},"class_list":["post-582","page","type-page","status-publish","hentry"],"yoast_head":"<!-- This site is optimized with the Yoast SEO plugin v26.7 - https:\/\/yoast.com\/wordpress\/plugins\/seo\/ -->\n<title>Impressum - Computer Technik Krause GmbH<\/title>\n<meta name=\"robots\" content=\"index, follow, max-snippet:-1, max-image-preview:large, max-video-preview:-1\" \/>\n<link rel=\"canonical\" href=\"https:\/\/www.computer-technik-krause.de\/index.php\/impressum\/\" \/>\n<meta property=\"og:locale\" content=\"de_DE\" \/>\n<meta property=\"og:type\" content=\"article\" \/>\n<meta property=\"og:title\" content=\"Impressum - Computer Technik Krause GmbH\" \/>\n<meta property=\"og:description\" content=\"Computer Technik Krause GmbH Hauptstra\u00dfe 14a 86697 Oberhausen Kontakt: Telefon: 08431 4369954 E-Mail: info@computer-technik-krause.de Datenschutz: datenschutz@computer-technik-krause.de Gesch\u00e4ftsf\u00fchrer: Alexander Krause Handelsregister Registergericht Ingolstadt HRB 11568 Haftung f\u00fcr Inhalte Als Diensteanbieter sind wir gem\u00e4\u00df \u00a7 7 Abs.1 TMG f\u00fcr eigene Inhalte auf diesen Seiten nach den allgemeinen Gesetzen verantwortlich. Nach \u00a7\u00a7 8 bis 10 TMG sind wir [&hellip;]\" \/>\n<meta property=\"og:url\" content=\"https:\/\/www.computer-technik-krause.de\/index.php\/impressum\/\" \/>\n<meta property=\"og:site_name\" content=\"Computer Technik Krause GmbH\" \/>\n<meta property=\"article:modified_time\" content=\"2024-04-01T14:26:40+00:00\" \/>\n<meta name=\"twitter:card\" content=\"summary_large_image\" \/>\n<meta name=\"twitter:label1\" content=\"Gesch\u00e4tzte Lesezeit\" \/>\n\t<meta name=\"twitter:data1\" content=\"2\u00a0Minuten\" \/>\n<script type=\"application\/ld+json\" class=\"yoast-schema-graph\">{\"@context\":\"https:\/\/schema.org\",\"@graph\":[{\"@type\":\"WebPage\",\"@id\":\"https:\/\/www.computer-technik-krause.de\/index.php\/impressum\/\",\"url\":\"https:\/\/www.computer-technik-krause.de\/index.php\/impressum\/\",\"name\":\"Impressum - Computer Technik Krause GmbH\",\"isPartOf\":{\"@id\":\"https:\/\/www.computer-technik-krause.de\/#website\"},\"datePublished\":\"2024-04-01T14:25:17+00:00\",\"dateModified\":\"2024-04-01T14:26:40+00:00\",\"breadcrumb\":{\"@id\":\"https:\/\/www.computer-technik-krause.de\/index.php\/impressum\/#breadcrumb\"},\"inLanguage\":\"de\",\"potentialAction\":[{\"@type\":\"ReadAction\",\"target\":[\"https:\/\/www.computer-technik-krause.de\/index.php\/impressum\/\"]}]},{\"@type\":\"BreadcrumbList\",\"@id\":\"https:\/\/www.computer-technik-krause.de\/index.php\/impressum\/#breadcrumb\",\"itemListElement\":[{\"@type\":\"ListItem\",\"position\":1,\"name\":\"Startseite\",\"item\":\"https:\/\/www.computer-technik-krause.de\/\"},{\"@type\":\"ListItem\",\"position\":2,\"name\":\"Impressum\"}]},{\"@type\":\"WebSite\",\"@id\":\"https:\/\/www.computer-technik-krause.de\/#website\",\"url\":\"https:\/\/www.computer-technik-krause.de\/\",\"name\":\"Computer Technik Krause GmbH\",\"description\":\"IT-Dienstleister f\u00fcr Oberhausen, Neuburg und Umgebung | F\u00fcr Privatkunden und Gesch\u00e4ftskunden\",\"publisher\":{\"@id\":\"https:\/\/www.computer-technik-krause.de\/#organization\"},\"potentialAction\":[{\"@type\":\"SearchAction\",\"target\":{\"@type\":\"EntryPoint\",\"urlTemplate\":\"https:\/\/www.computer-technik-krause.de\/?s={search_term_string}\"},\"query-input\":{\"@type\":\"PropertyValueSpecification\",\"valueRequired\":true,\"valueName\":\"search_term_string\"}}],\"inLanguage\":\"de\"},{\"@type\":\"Organization\",\"@id\":\"https:\/\/www.computer-technik-krause.de\/#organization\",\"name\":\"Computer Technik Krause GmbH\",\"url\":\"https:\/\/www.computer-technik-krause.de\/\",\"logo\":{\"@type\":\"ImageObject\",\"inLanguage\":\"de\",\"@id\":\"https:\/\/www.computer-technik-krause.de\/#\/schema\/logo\/image\/\",\"url\":\"https:\/\/www.computer-technik-krause.de\/wp-content\/uploads\/2024\/03\/CTK-Logo-Gravur.png\",\"contentUrl\":\"https:\/\/www.computer-technik-krause.de\/wp-content\/uploads\/2024\/03\/CTK-Logo-Gravur.png\",\"width\":931,\"height\":916,\"caption\":\"Computer Technik Krause GmbH\"},\"image\":{\"@id\":\"https:\/\/www.computer-technik-krause.de\/#\/schema\/logo\/image\/\"}}]}<\/script>\n<!-- \/ Yoast SEO plugin. -->","yoast_head_json":{"title":"Impressum - Computer Technik Krause GmbH","robots":{"index":"index","follow":"follow","max-snippet":"max-snippet:-1","max-image-preview":"max-image-preview:large","max-video-preview":"max-video-preview:-1"},"canonical":"https:\/\/www.computer-technik-krause.de\/index.php\/impressum\/","og_locale":"de_DE","og_type":"article","og_title":"Impressum - Computer Technik Krause GmbH","og_description":"Computer Technik Krause GmbH Hauptstra\u00dfe 14a 86697 Oberhausen Kontakt: Telefon: 08431 4369954 E-Mail: info@computer-technik-krause.de Datenschutz: datenschutz@computer-technik-krause.de Gesch\u00e4ftsf\u00fchrer: Alexander Krause Handelsregister Registergericht Ingolstadt HRB 11568 Haftung f\u00fcr Inhalte Als Diensteanbieter sind wir gem\u00e4\u00df \u00a7 7 Abs.1 TMG f\u00fcr eigene Inhalte auf diesen Seiten nach den allgemeinen Gesetzen verantwortlich. Nach \u00a7\u00a7 8 bis 10 TMG sind wir [&hellip;]","og_url":"https:\/\/www.computer-technik-krause.de\/index.php\/impressum\/","og_site_name":"Computer Technik Krause GmbH","article_modified_time":"2024-04-01T14:26:40+00:00","twitter_card":"summary_large_image","twitter_misc":{"Gesch\u00e4tzte Lesezeit":"2\u00a0Minuten"},"schema":{"@context":"https:\/\/schema.org","@graph":[{"@type":"WebPage","@id":"https:\/\/www.computer-technik-krause.de\/index.php\/impressum\/","url":"https:\/\/www.computer-technik-krause.de\/index.php\/impressum\/","name":"Impressum - Computer Technik Krause GmbH","isPartOf":{"@id":"https:\/\/www.computer-technik-krause.de\/#website"},"datePublished":"2024-04-01T14:25:17+00:00","dateModified":"2024-04-01T14:26:40+00:00","breadcrumb":{"@id":"https:\/\/www.computer-technik-krause.de\/index.php\/impressum\/#breadcrumb"},"inLanguage":"de","potentialAction":[{"@type":"ReadAction","target":["https:\/\/www.computer-technik-krause.de\/index.php\/impressum\/"]}]},{"@type":"BreadcrumbList","@id":"https:\/\/www.computer-technik-krause.de\/index.php\/impressum\/#breadcrumb","itemListElement":[{"@type":"ListItem","position":1,"name":"Startseite","item":"https:\/\/www.computer-technik-krause.de\/"},{"@type":"ListItem","position":2,"name":"Impressum"}]},{"@type":"WebSite","@id":"https:\/\/www.computer-technik-krause.de\/#website","url":"https:\/\/www.computer-technik-krause.de\/","name":"Computer Technik Krause GmbH","description":"IT-Dienstleister f\u00fcr Oberhausen, Neuburg und Umgebung | F\u00fcr Privatkunden und Gesch\u00e4ftskunden","publisher":{"@id":"https:\/\/www.computer-technik-krause.de\/#organization"},"potentialAction":[{"@type":"SearchAction","target":{"@type":"EntryPoint","urlTemplate":"https:\/\/www.computer-technik-krause.de\/?s={search_term_string}"},"query-input":{"@type":"PropertyValueSpecification","valueRequired":true,"valueName":"search_term_string"}}],"inLanguage":"de"},{"@type":"Organization","@id":"https:\/\/www.computer-technik-krause.de\/#organization","name":"Computer Technik Krause GmbH","url":"https:\/\/www.computer-technik-krause.de\/","logo":{"@type":"ImageObject","inLanguage":"de","@id":"https:\/\/www.computer-technik-krause.de\/#\/schema\/logo\/image\/","url":"https:\/\/www.computer-technik-krause.de\/wp-content\/uploads\/2024\/03\/CTK-Logo-Gravur.png","contentUrl":"https:\/\/www.computer-technik-krause.de\/wp-content\/uploads\/2024\/03\/CTK-Logo-Gravur.png","width":931,"height":916,"caption":"Computer Technik Krause GmbH"},"image":{"@id":"https:\/\/www.computer-technik-krause.de\/#\/schema\/logo\/image\/"}}]}},"_links":{"self":[{"href":"https:\/\/www.computer-technik-krause.de\/index.php\/wp-json\/wp\/v2\/pages\/582","targetHints":{"allow":["GET"]}}],"collection":[{"href":"https:\/\/www.computer-technik-krause.de\/index.php\/wp-json\/wp\/v2\/pages"}],"about":[{"href":"https:\/\/www.computer-technik-krause.de\/index.php\/wp-json\/wp\/v2\/types\/page"}],"author":[{"embeddable":true,"href":"https:\/\/www.computer-technik-krause.de\/index.php\/wp-json\/wp\/v2\/users\/1"}],"replies":[{"embeddable":true,"href":"https:\/\/www.computer-technik-krause.de\/index.php\/wp-json\/wp\/v2\/comments?post=582"}],"version-history":[{"count":3,"href":"https:\/\/www.computer-technik-krause.de\/index.php\/wp-json\/wp\/v2\/pages\/582\/revisions"}],"predecessor-version":[{"id":593,"href":"https:\/\/www.computer-technik-krause.de\/index.php\/wp-json\/wp\/v2\/pages\/582\/revisions\/593"}],"wp:attachment":[{"href":"https:\/\/www.computer-technik-krause.de\/index.php\/wp-json\/wp\/v2\/media?parent=582"}],"curies":[{"name":"wp","href":"https:\/\/api.w.org\/{rel}","templated":true}]}}